
{"id":28,"date":"2019-12-18T08:00:04","date_gmt":"2019-12-18T11:00:04","guid":{"rendered":"http:\/\/grupoelevacorp.com.br\/operafactoring\/?page_id=28"},"modified":"2020-01-03T20:30:51","modified_gmt":"2020-01-03T23:30:51","slug":"antecipacao-de-recebiveis","status":"publish","type":"page","link":"http:\/\/grupoelevacorp.com.br\/operafactoring\/antecipacao-de-recebiveis\/","title":{"rendered":"Antecipa\u00e7\u00e3o de Receb\u00edveis"},"content":{"rendered":"\n<div class=\"wp-block-columns\">\n<div class=\"wp-block-column\">\n<p>Consiste na aquisi\u00e7\u00e3o \u00e0 vista dos cr\u00e9ditos oriundos de vendas a prazo realizadas pela sua empresa atrav\u00e9s de t\u00edtulos como, cheques, boletos e duplicatas. Desta forma, sua empresa recebe \u00e0 vista as vendas realizadas a prazo, possibilitando um melhor controle do fluxo de caixa e capital de giro de sua empresa que poder\u00e1 gerir, de forma mais eficiente, seus investimentos logrando, por exemplo, mais efici\u00eancia nas negocia\u00e7\u00f5es e compras junto a fornecedores sem comprometer o fluxo de caixa. <\/p>\n<\/div>\n\n\n\n<div class=\"wp-block-column\">\n<figure class=\"wp-block-image size-large\"><img loading=\"lazy\" width=\"600\" height=\"400\" src=\"http:\/\/grupoelevacorp.com.br\/operafactoring\/wp-content\/uploads\/2019\/12\/ANTECIPAR.jpg\" alt=\"\" class=\"wp-image-56\" srcset=\"http:\/\/grupoelevacorp.com.br\/operafactoring\/wp-content\/uploads\/2019\/12\/ANTECIPAR.jpg 600w, http:\/\/grupoelevacorp.com.br\/operafactoring\/wp-content\/uploads\/2019\/12\/ANTECIPAR-300x200.jpg 300w\" sizes=\"(max-width: 600px) 100vw, 600px\" \/><\/figure>\n<\/div>\n<\/div>\n\n\n\n<hr class=\"wp-block-separator\"\/>\n\n\n\n<div class=\"wp-block-columns\">\n<div class=\"wp-block-column\" style=\"flex-basis:24.67%\">\n<p class=\"has-text-align-center\"><strong><em>Seguran\u00e7a<\/em><\/strong><\/p>\n\n\n\n<div class=\"wp-block-image\"><figure class=\"aligncenter size-large is-resized\"><img loading=\"lazy\" src=\"http:\/\/grupoelevacorp.com.br\/operafactoring\/wp-content\/uploads\/2019\/12\/sol01-1.png\" alt=\"\" class=\"wp-image-68\" width=\"128\" height=\"79\"\/><\/figure><\/div>\n<\/div>\n\n\n\n<div class=\"wp-block-column\" style=\"flex-basis:25.17%\">\n<p class=\"has-text-align-center\"><strong><em>Agilidade<\/em><\/strong><\/p>\n\n\n\n<div class=\"wp-block-image\"><figure class=\"aligncenter size-large is-resized\"><img loading=\"lazy\" src=\"http:\/\/grupoelevacorp.com.br\/operafactoring\/wp-content\/uploads\/2019\/12\/sol02-1.png\" alt=\"\" class=\"wp-image-65\" width=\"128\" height=\"79\"\/><\/figure><\/div>\n<\/div>\n\n\n\n<div class=\"wp-block-column\" style=\"flex-basis:25.17%\">\n<p class=\"has-text-align-center\"><strong><em>Estrat\u00e9gia<\/em><\/strong><\/p>\n\n\n\n<div class=\"wp-block-image\"><figure class=\"aligncenter size-large is-resized\"><img loading=\"lazy\" src=\"http:\/\/grupoelevacorp.com.br\/operafactoring\/wp-content\/uploads\/2019\/12\/sol03-1.png\" alt=\"\" class=\"wp-image-66\" width=\"128\" height=\"79\"\/><\/figure><\/div>\n<\/div>\n\n\n\n<div class=\"wp-block-column\" style=\"flex-basis:25%\">\n<p class=\"has-text-align-center\"><strong><em>Solu\u00e7\u00e3o<\/em><\/strong><\/p>\n\n\n\n<div class=\"wp-block-image\"><figure class=\"aligncenter size-large is-resized\"><img loading=\"lazy\" src=\"http:\/\/grupoelevacorp.com.br\/operafactoring\/wp-content\/uploads\/2019\/12\/sol04-1.png\" alt=\"\" class=\"wp-image-67\" width=\"128\" height=\"79\"\/><\/figure><\/div>\n<\/div>\n<\/div>\n\n\n\n<p><\/p>\n","protected":false},"excerpt":{"rendered":"Consiste na aquisi\u00e7\u00e3o \u00e0 vista dos cr\u00e9ditos oriundos de vendas a prazo realizadas pela sua empresa atrav\u00e9s de t\u00edtulos como, cheques, boletos e duplicatas. Desta forma, sua empresa recebe \u00e0 vista as vendas realizadas a prazo, possibilitando um melhor controle do fluxo de caixa e capital de giro de sua empresa que poder\u00e1 gerir, de&#8230; <a class=\"view-article\" href=\"http:\/\/grupoelevacorp.com.br\/operafactoring\/antecipacao-de-recebiveis\/\">Ver artigo<\/a>","protected":false},"author":1,"featured_media":0,"parent":0,"menu_order":0,"comment_status":"closed","ping_status":"closed","template":"","meta":[],"_links":{"self":[{"href":"http:\/\/grupoelevacorp.com.br\/operafactoring\/wp-json\/wp\/v2\/pages\/28"}],"collection":[{"href":"http:\/\/grupoelevacorp.com.br\/operafactoring\/wp-json\/wp\/v2\/pages"}],"about":[{"href":"http:\/\/grupoelevacorp.com.br\/operafactoring\/wp-json\/wp\/v2\/types\/page"}],"author":[{"embeddable":true,"href":"http:\/\/grupoelevacorp.com.br\/operafactoring\/wp-json\/wp\/v2\/users\/1"}],"replies":[{"embeddable":true,"href":"http:\/\/grupoelevacorp.com.br\/operafactoring\/wp-json\/wp\/v2\/comments?post=28"}],"version-history":[{"count":12,"href":"http:\/\/grupoelevacorp.com.br\/operafactoring\/wp-json\/wp\/v2\/pages\/28\/revisions"}],"predecessor-version":[{"id":140,"href":"http:\/\/grupoelevacorp.com.br\/operafactoring\/wp-json\/wp\/v2\/pages\/28\/revisions\/140"}],"wp:attachment":[{"href":"http:\/\/grupoelevacorp.com.br\/operafactoring\/wp-json\/wp\/v2\/media?parent=28"}],"curies":[{"name":"wp","href":"https:\/\/api.w.org\/{rel}","templated":true}]}}