
{"id":34,"date":"2019-12-18T08:17:59","date_gmt":"2019-12-18T11:17:59","guid":{"rendered":"http:\/\/grupoelevacorp.com.br\/operafactoring\/?page_id=34"},"modified":"2020-12-01T17:07:46","modified_gmt":"2020-12-01T20:07:46","slug":"cadastro-opera","status":"publish","type":"page","link":"http:\/\/grupoelevacorp.com.br\/operafactoring\/cadastro-opera\/","title":{"rendered":"Cadastro"},"content":{"rendered":"\n<div class=\"wp-block-columns\">\n<div class=\"wp-block-column\" style=\"flex-basis:15.28%\"><\/div>\n\n\n\n<div class=\"wp-block-column\" style=\"flex-basis:74.72%\">\n<p>Nosso atendimento \u00e9 personalizado, nosso objetivo \u00e9 contribuir com a gest\u00e3o financeira de seu neg\u00f3cio. Entre em contato e agende uma visita.<\/p>\n\n\n<div role=\"form\" class=\"wpcf7\" id=\"wpcf7-f33-o1\" lang=\"pt-BR\" dir=\"ltr\">\n<div class=\"screen-reader-response\"><\/div>\n<form action=\"\/operafactoring\/wp-json\/wp\/v2\/pages\/34#wpcf7-f33-o1\" method=\"post\" class=\"wpcf7-form\" enctype=\"multipart\/form-data\" novalidate=\"novalidate\">\n<div style=\"display: none;\">\n<input type=\"hidden\" name=\"_wpcf7\" value=\"33\" \/>\n<input type=\"hidden\" name=\"_wpcf7_version\" value=\"5.1.6\" \/>\n<input type=\"hidden\" name=\"_wpcf7_locale\" value=\"pt_BR\" \/>\n<input type=\"hidden\" name=\"_wpcf7_unit_tag\" value=\"wpcf7-f33-o1\" \/>\n<input type=\"hidden\" name=\"_wpcf7_container_post\" value=\"0\" \/>\n<\/div>\n<div class=\"row\">\n<div class=\"col-12 col-sm-12 col-md-12 col-lg-12 form-group\">\n    <span class=\"wpcf7-form-control-wrap your-name\"><input type=\"text\" name=\"your-name\" value=\"\" size=\"40\" class=\"wpcf7-form-control wpcf7-text wpcf7-validates-as-required form-control\" aria-required=\"true\" aria-invalid=\"false\" placeholder=\"Nome da Empresa*\" \/><\/span>\n<\/div>\n<div class=\"col-12 col-sm-12 col-md-12 col-lg-12 form-group\">\n    <span class=\"wpcf7-form-control-wrap telefone\"><input type=\"tel\" name=\"telefone\" value=\"\" size=\"40\" class=\"wpcf7-form-control wpcf7-text wpcf7-tel wpcf7-validates-as-required wpcf7-validates-as-tel form-control\" aria-required=\"true\" aria-invalid=\"false\" placeholder=\"Telefone \/ Celular*\" \/><\/span>\n<\/div>\n<div class=\"col-12 col-sm-12 col-md-12 col-lg-12 form-group\">\n    <span class=\"wpcf7-form-control-wrap your-email\"><input type=\"email\" name=\"your-email\" value=\"\" size=\"40\" class=\"wpcf7-form-control wpcf7-text wpcf7-email wpcf7-validates-as-required wpcf7-validates-as-email form-control\" aria-required=\"true\" aria-invalid=\"false\" placeholder=\"E-mail*\" \/><\/span>\n<\/div>\n<div class=\"col-12 col-sm-12 col-md-12 col-lg-12 form-group\">\n    <span class=\"wpcf7-form-control-wrap cnpj\"><input type=\"text\" name=\"cnpj\" value=\"\" size=\"40\" class=\"wpcf7-form-control wpcf7-text wpcf7-validates-as-required form-control\" aria-required=\"true\" aria-invalid=\"false\" placeholder=\"CNPJ*\" \/><\/span>\n<\/div>\n<div class=\"col-12 col-sm-12 col-md-12 col-lg-12 form-group\">\n    <span class=\"wpcf7-form-control-wrap cpf\"><input type=\"text\" name=\"cpf\" value=\"\" size=\"40\" class=\"wpcf7-form-control wpcf7-text wpcf7-validates-as-required form-control\" aria-required=\"true\" aria-invalid=\"false\" placeholder=\"CPF*\" \/><\/span>\n<\/div>\n<div class=\"col-12 col-sm-12 col-md-12 col-lg-12 form-group\">\n    <span class=\"wpcf7-form-control-wrap faturamento\"><input type=\"text\" name=\"faturamento\" value=\"\" size=\"40\" class=\"wpcf7-form-control wpcf7-text wpcf7-validates-as-required form-control\" aria-required=\"true\" aria-invalid=\"false\" placeholder=\"Faturamento m\u00e9dio mensal*\" \/><\/span>\n<\/div>\n<div class=\"col-12 col-sm-12 col-md-12 col-lg-12 form-group\">\n <b>Documenta\u00e7\u00e3o da empresa: <\/b><br \/>\n <span style=\"font-size:15px\">1. Anexar Contrato Social<br>2. Anexar extrato da conta corrente de maior movimenta\u00e7\u00e3o dos \u00faltimos 03 meses<\/span><br \/>\n<span class=\"wpcf7-form-control-wrap multifile1\"><input type=\"file\" name=\"multifile1[]\" size=\"40\" class=\"wpcf7-form-control wpcf7-multifile wpcf7-validates-as-required\" multiple=\"multiple\" aria-required=\"true\" aria-invalid=\"false\" \/><\/span><\/p>\n<p>  <b>Documenta\u00e7\u00e3o pessoal (S\u00f3cio) <\/b><br \/>\n<span style=\"font-size:15px\">C\u00f3pia de identidade, C\u00f3pia de CPF,<br> C\u00f3pia do comprovante de endere\u00e7o.<\/span><br \/>\n<span class=\"wpcf7-form-control-wrap multifile2\"><input type=\"file\" name=\"multifile2[]\" size=\"40\" class=\"wpcf7-form-control wpcf7-multifile wpcf7-validates-as-required\" multiple=\"multiple\" aria-required=\"true\" aria-invalid=\"false\" \/><\/span><\/p>\n<\/div>\n<div class=\"col-12 col-sm-12 col-md-12 col-lg-12 form-group\">\n<input type=\"submit\" value=\"Enviar\" class=\"wpcf7-form-control wpcf7-submit btn btn-primary\" \/>\n\t\t  \t<\/div>\n<\/div>\n<div class=\"wpcf7-response-output wpcf7-display-none\"><\/div><\/form><\/div>\n\n\n\n<p><\/p>\n\n\n\n<div style=\"height:20px\" aria-hidden=\"true\" class=\"wp-block-spacer\"><\/div>\n\n\n\n<p><em>A Opera Factoring n\u00e3o solicita nenhum tipo de pagamento pr\u00e9vio ou taxa de contrata\u00e7\u00e3o para libera\u00e7\u00e3o de cadastro ou an\u00e1lise de cr\u00e9dito.<\/em><\/p>\n<\/div>\n\n\n\n<div class=\"wp-block-column\" style=\"flex-basis:10%\"><\/div>\n<\/div>\n","protected":false},"excerpt":{"rendered":"Nosso atendimento \u00e9 personalizado, nosso objetivo \u00e9 contribuir com a gest\u00e3o financeira de seu neg\u00f3cio. Entre em contato e agende uma visita. A Opera Factoring n\u00e3o solicita nenhum tipo de pagamento pr\u00e9vio ou taxa de contrata\u00e7\u00e3o para libera\u00e7\u00e3o de cadastro ou an\u00e1lise de cr\u00e9dito.","protected":false},"author":1,"featured_media":0,"parent":0,"menu_order":0,"comment_status":"closed","ping_status":"closed","template":"","meta":[],"_links":{"self":[{"href":"http:\/\/grupoelevacorp.com.br\/operafactoring\/wp-json\/wp\/v2\/pages\/34"}],"collection":[{"href":"http:\/\/grupoelevacorp.com.br\/operafactoring\/wp-json\/wp\/v2\/pages"}],"about":[{"href":"http:\/\/grupoelevacorp.com.br\/operafactoring\/wp-json\/wp\/v2\/types\/page"}],"author":[{"embeddable":true,"href":"http:\/\/grupoelevacorp.com.br\/operafactoring\/wp-json\/wp\/v2\/users\/1"}],"replies":[{"embeddable":true,"href":"http:\/\/grupoelevacorp.com.br\/operafactoring\/wp-json\/wp\/v2\/comments?post=34"}],"version-history":[{"count":11,"href":"http:\/\/grupoelevacorp.com.br\/operafactoring\/wp-json\/wp\/v2\/pages\/34\/revisions"}],"predecessor-version":[{"id":124,"href":"http:\/\/grupoelevacorp.com.br\/operafactoring\/wp-json\/wp\/v2\/pages\/34\/revisions\/124"}],"wp:attachment":[{"href":"http:\/\/grupoelevacorp.com.br\/operafactoring\/wp-json\/wp\/v2\/media?parent=34"}],"curies":[{"name":"wp","href":"https:\/\/api.w.org\/{rel}","templated":true}]}}