
{"id":48,"date":"2019-12-21T12:45:48","date_gmt":"2019-12-21T15:45:48","guid":{"rendered":"http:\/\/grupoelevacorp.com.br\/operafactoring\/?page_id=48"},"modified":"2020-01-03T20:31:49","modified_gmt":"2020-01-03T23:31:49","slug":"assessoria-financeira","status":"publish","type":"page","link":"http:\/\/grupoelevacorp.com.br\/operafactoring\/assessoria-financeira\/","title":{"rendered":"Assessoria Financeira"},"content":{"rendered":"\n<div class=\"wp-block-columns\">\n<div class=\"wp-block-column\">\n<p>Contribu\u00edmos com orienta\u00e7\u00e3o t\u00e9cnica, diagnosticando eventuais inconsist\u00eancias que podem estar prejudicando a sa\u00fade financeira de sua empresa. Buscar o equil\u00edbrio do neg\u00f3cio deve ser o foco principal, assim sendo, identificamos quais metodologias e solu\u00e7\u00f5es devem ser consideradas para o equil\u00edbrio e desenvolvimento do fluxo de caixa, planejamento financeiro, a seguran\u00e7a de sua empresa e otimiza\u00e7\u00e3o dos processos internos. <\/p>\n<\/div>\n\n\n\n<div class=\"wp-block-column\">\n<figure class=\"wp-block-image size-large\"><img loading=\"lazy\" width=\"600\" height=\"400\" src=\"http:\/\/grupoelevacorp.com.br\/operafactoring\/wp-content\/uploads\/2019\/12\/assessoria.jpg\" alt=\"\" class=\"wp-image-49\" srcset=\"http:\/\/grupoelevacorp.com.br\/operafactoring\/wp-content\/uploads\/2019\/12\/assessoria.jpg 600w, http:\/\/grupoelevacorp.com.br\/operafactoring\/wp-content\/uploads\/2019\/12\/assessoria-300x200.jpg 300w\" sizes=\"(max-width: 600px) 100vw, 600px\" \/><\/figure>\n<\/div>\n<\/div>\n","protected":false},"excerpt":{"rendered":"Contribu\u00edmos com orienta\u00e7\u00e3o t\u00e9cnica, diagnosticando eventuais inconsist\u00eancias que podem estar prejudicando a sa\u00fade financeira de sua empresa. Buscar o equil\u00edbrio do neg\u00f3cio deve ser o foco principal, assim sendo, identificamos quais metodologias e solu\u00e7\u00f5es devem ser consideradas para o equil\u00edbrio e desenvolvimento do fluxo de caixa, planejamento financeiro, a seguran\u00e7a de sua empresa e otimiza\u00e7\u00e3o&#8230; <a class=\"view-article\" href=\"http:\/\/grupoelevacorp.com.br\/operafactoring\/assessoria-financeira\/\">Ver artigo<\/a>","protected":false},"author":1,"featured_media":0,"parent":0,"menu_order":0,"comment_status":"closed","ping_status":"closed","template":"","meta":[],"_links":{"self":[{"href":"http:\/\/grupoelevacorp.com.br\/operafactoring\/wp-json\/wp\/v2\/pages\/48"}],"collection":[{"href":"http:\/\/grupoelevacorp.com.br\/operafactoring\/wp-json\/wp\/v2\/pages"}],"about":[{"href":"http:\/\/grupoelevacorp.com.br\/operafactoring\/wp-json\/wp\/v2\/types\/page"}],"author":[{"embeddable":true,"href":"http:\/\/grupoelevacorp.com.br\/operafactoring\/wp-json\/wp\/v2\/users\/1"}],"replies":[{"embeddable":true,"href":"http:\/\/grupoelevacorp.com.br\/operafactoring\/wp-json\/wp\/v2\/comments?post=48"}],"version-history":[{"count":2,"href":"http:\/\/grupoelevacorp.com.br\/operafactoring\/wp-json\/wp\/v2\/pages\/48\/revisions"}],"predecessor-version":[{"id":142,"href":"http:\/\/grupoelevacorp.com.br\/operafactoring\/wp-json\/wp\/v2\/pages\/48\/revisions\/142"}],"wp:attachment":[{"href":"http:\/\/grupoelevacorp.com.br\/operafactoring\/wp-json\/wp\/v2\/media?parent=48"}],"curies":[{"name":"wp","href":"https:\/\/api.w.org\/{rel}","templated":true}]}}