
{"id":51,"date":"2019-12-21T12:53:21","date_gmt":"2019-12-21T15:53:21","guid":{"rendered":"http:\/\/grupoelevacorp.com.br\/operafactoring\/?page_id=51"},"modified":"2020-01-03T20:31:33","modified_gmt":"2020-01-03T23:31:33","slug":"assessoria-crediticia","status":"publish","type":"page","link":"http:\/\/grupoelevacorp.com.br\/operafactoring\/assessoria-crediticia\/","title":{"rendered":"Assessoria Credit\u00edcia"},"content":{"rendered":"\n<div class=\"wp-block-columns\">\n<div class=\"wp-block-column\">\n<p>Consiste na transmiss\u00e3o de Know-how t\u00e9cnico e tecnol\u00f3gico\npara que nossos clientes pautem a atua\u00e7\u00e3o no mercado dentro dos limites de\ncontrole e seguran\u00e7a buscando sempre a maior liquidez de suas transa\u00e7\u00f5es comerciais\ncontribuindo com:<\/p>\n\n\n\n<p>&#8211; Implanta\u00e7\u00e3o de processos de an\u00e1lise e aprova\u00e7\u00e3o de cr\u00e9dito<\/p>\n\n\n\n<p>&#8211; Redu\u00e7\u00e3o da inadimpl\u00eancia<\/p>\n\n\n\n<p>&#8211; Orienta\u00e7\u00e3o jur\u00eddica com foco nas transa\u00e7\u00f5es comerciais<\/p>\n\n\n\n<p>&#8211; T\u00e9cnicas para a gest\u00e3o de cr\u00e9dito e inadimpl\u00eancia<\/p>\n<\/div>\n\n\n\n<div class=\"wp-block-column\">\n<figure class=\"wp-block-image size-large\"><img loading=\"lazy\" width=\"600\" height=\"400\" src=\"http:\/\/grupoelevacorp.com.br\/operafactoring\/wp-content\/uploads\/2019\/12\/credito.jpg\" alt=\"\" class=\"wp-image-52\" srcset=\"http:\/\/grupoelevacorp.com.br\/operafactoring\/wp-content\/uploads\/2019\/12\/credito.jpg 600w, http:\/\/grupoelevacorp.com.br\/operafactoring\/wp-content\/uploads\/2019\/12\/credito-300x200.jpg 300w\" sizes=\"(max-width: 600px) 100vw, 600px\" \/><\/figure>\n<\/div>\n<\/div>\n","protected":false},"excerpt":{"rendered":"Consiste na transmiss\u00e3o de Know-how t\u00e9cnico e tecnol\u00f3gico para que nossos clientes pautem a atua\u00e7\u00e3o no mercado dentro dos limites de controle e seguran\u00e7a buscando sempre a maior liquidez de suas transa\u00e7\u00f5es comerciais contribuindo com: &#8211; Implanta\u00e7\u00e3o de processos de an\u00e1lise e aprova\u00e7\u00e3o de cr\u00e9dito &#8211; Redu\u00e7\u00e3o da inadimpl\u00eancia &#8211; Orienta\u00e7\u00e3o jur\u00eddica com foco nas&#8230; <a class=\"view-article\" href=\"http:\/\/grupoelevacorp.com.br\/operafactoring\/assessoria-crediticia\/\">Ver artigo<\/a>","protected":false},"author":1,"featured_media":0,"parent":0,"menu_order":0,"comment_status":"closed","ping_status":"closed","template":"","meta":[],"_links":{"self":[{"href":"http:\/\/grupoelevacorp.com.br\/operafactoring\/wp-json\/wp\/v2\/pages\/51"}],"collection":[{"href":"http:\/\/grupoelevacorp.com.br\/operafactoring\/wp-json\/wp\/v2\/pages"}],"about":[{"href":"http:\/\/grupoelevacorp.com.br\/operafactoring\/wp-json\/wp\/v2\/types\/page"}],"author":[{"embeddable":true,"href":"http:\/\/grupoelevacorp.com.br\/operafactoring\/wp-json\/wp\/v2\/users\/1"}],"replies":[{"embeddable":true,"href":"http:\/\/grupoelevacorp.com.br\/operafactoring\/wp-json\/wp\/v2\/comments?post=51"}],"version-history":[{"count":3,"href":"http:\/\/grupoelevacorp.com.br\/operafactoring\/wp-json\/wp\/v2\/pages\/51\/revisions"}],"predecessor-version":[{"id":141,"href":"http:\/\/grupoelevacorp.com.br\/operafactoring\/wp-json\/wp\/v2\/pages\/51\/revisions\/141"}],"wp:attachment":[{"href":"http:\/\/grupoelevacorp.com.br\/operafactoring\/wp-json\/wp\/v2\/media?parent=51"}],"curies":[{"name":"wp","href":"https:\/\/api.w.org\/{rel}","templated":true}]}}